{"id":1522,"date":"2017-08-23T23:29:37","date_gmt":"2017-08-23T20:29:37","guid":{"rendered":"http:\/\/villamullerbeck.eu\/kontakt\/"},"modified":"2017-11-13T16:42:56","modified_gmt":"2017-11-13T13:42:56","slug":"kontakt","status":"publish","type":"page","link":"https:\/\/villamullerbeck.eu\/en\/kontakt\/","title":{"rendered":"Contact"},"content":{"rendered":"<p><div class=\"fusion-fullwidth fullwidth-box fusion-builder-row-1 hundred-percent-fullwidth non-hundred-percent-height-scrolling fusion-no-medium-visibility fusion-no-large-visibility\" style=\"--awb-border-radius-top-left:0px;--awb-border-radius-top-right:0px;--awb-border-radius-bottom-right:0px;--awb-border-radius-bottom-left:0px;--awb-padding-right:0px;--awb-padding-left:0px;--awb-margin-top:0px;--awb-margin-bottom:0px;--awb-background-color:#e5f6e2;--awb-flex-wrap:wrap;\" ><div class=\"fusion-builder-row fusion-row\"><div class=\"fusion-layout-column fusion_builder_column fusion-builder-column-0 fusion_builder_column_1_1 1_1 fusion-one-full fusion-column-first fusion-column-last\" style=\"--awb-bg-size:cover;\"><div class=\"fusion-column-wrapper fusion-flex-column-wrapper-legacy\"><div style=\"margin: 30px; padding-bottom: 50px;\">\n\n<div class=\"wpcf7 no-js\" id=\"wpcf7-f1608-o1\" lang=\"en-US\" dir=\"ltr\" data-wpcf7-id=\"1608\">\n<div class=\"screen-reader-response\"><p role=\"status\" aria-live=\"polite\" aria-atomic=\"true\"><\/p> <ul><\/ul><\/div>\n<form action=\"\/en\/wp-json\/wp\/v2\/pages\/1522#wpcf7-f1608-o1\" method=\"post\" class=\"wpcf7-form init\" aria-label=\"Contact form\" novalidate=\"novalidate\" data-status=\"init\">\n<div style=\"display: none;\">\n<input type=\"hidden\" name=\"_wpcf7\" value=\"1608\" \/>\n<input type=\"hidden\" name=\"_wpcf7_version\" value=\"6.0\" \/>\n<input type=\"hidden\" name=\"_wpcf7_locale\" value=\"en_US\" \/>\n<input type=\"hidden\" name=\"_wpcf7_unit_tag\" value=\"wpcf7-f1608-o1\" \/>\n<input type=\"hidden\" name=\"_wpcf7_container_post\" value=\"0\" \/>\n<input type=\"hidden\" name=\"_wpcf7_posted_data_hash\" value=\"\" \/>\n<\/div>\n<div class=\"fusion-one-half one_half fusion-layout-column fusion-spacing-yes\">\n\t<p><span class=\"wpcf7-form-control-wrap\" data-name=\"sinu-nimi\"><input size=\"40\" maxlength=\"400\" class=\"wpcf7-form-control wpcf7-text wpcf7-validates-as-required\" aria-required=\"true\" aria-invalid=\"false\" placeholder=\"Your name\" value=\"\" type=\"text\" name=\"sinu-nimi\" \/><\/span>\n\t<\/p>\n\t<p><span class=\"wpcf7-form-control-wrap\" data-name=\"telefon\"><input size=\"40\" maxlength=\"400\" class=\"wpcf7-form-control wpcf7-text\" aria-invalid=\"false\" placeholder=\"Your phone\" value=\"\" type=\"text\" name=\"telefon\" \/><\/span>\n\t<\/p>\n<\/div>\n<div class=\"fusion-one-half one_half fusion-layout-column fusion-column-last fusion-spacing-yes\">\n\t<p><span class=\"wpcf7-form-control-wrap\" data-name=\"sinu-email\"><input size=\"40\" maxlength=\"400\" class=\"wpcf7-form-control wpcf7-email wpcf7-validates-as-required wpcf7-text wpcf7-validates-as-email text_input\" aria-required=\"true\" aria-invalid=\"false\" placeholder=\"E-mail\" value=\"\" type=\"email\" name=\"sinu-email\" \/><\/span>\n\t<\/p>\n\t<p><span class=\"wpcf7-form-control-wrap\" data-name=\"kuupaev\"><input size=\"40\" maxlength=\"400\" class=\"wpcf7-form-control wpcf7-text\" aria-invalid=\"false\" placeholder=\"Date\" value=\"\" type=\"text\" name=\"kuupaev\" \/><\/span>\n\t<\/p>\n<\/div>\n<p><span class=\"wpcf7-form-control-wrap\" data-name=\"lisainfo\"><textarea cols=\"40\" rows=\"10\" maxlength=\"2000\" class=\"wpcf7-form-control wpcf7-textarea wpcf7-validates-as-required\" aria-required=\"true\" aria-invalid=\"false\" placeholder=\"Event details - how many people and other specifications and wishes.\" name=\"lisainfo\"><\/textarea><\/span>\n<\/p>\n<div class=\"fusion-one-half one_half fusion-layout-column fusion-spacing-yes\">\n<\/div>\n<div class=\"fusion-one-half one_half fusion-layout-column fusion-column-last fusion-spacing-yes\">\n\t<p><input class=\"wpcf7-form-control wpcf7-submit has-spinner\" type=\"submit\" value=\"Send inquiry\" \/><br \/>\n<div class=\"cf-turnstile\" data-sitekey=\"0x4AAAAAAARXjBhM23IJJQKP\"><\/div><span class=\"wpcf7-form-control-wrap\" data-name=\"c\"><input size=\"40\" maxlength=\"400\" class=\"wpcf7-form-control wpcf7-text\" aria-invalid=\"false\" value=\"\" type=\"text\" name=\"c\" \/><\/span>\n\t<\/p>\n<\/div><div class=\"fusion-alert alert custom alert-custom fusion-alert-center wpcf7-response-output awb-alert-native-link-color alert-dismissable awb-alert-close-boxed\" style=\"--awb-border-top-left-radius:0px;--awb-border-top-right-radius:0px;--awb-border-bottom-left-radius:0px;--awb-border-bottom-right-radius:0px;\" role=\"alert\"><div class=\"fusion-alert-content-wrapper\"><span class=\"fusion-alert-content\"><\/span><\/div><button type=\"button\" class=\"close toggle-alert\" data-dismiss=\"alert\" aria-label=\"Close\">&times;<\/button><\/div>\n<\/form>\n<\/div>\n\n<\/div><div class=\"fusion-clearfix\"><\/div><\/div><\/div><\/div><\/div><div class=\"fusion-fullwidth fullwidth-box fusion-builder-row-2 fusion-parallax-none hundred-percent-fullwidth non-hundred-percent-height-scrolling fusion-no-small-visibility lazyload\" style=\"--awb-border-radius-top-left:0px;--awb-border-radius-top-right:0px;--awb-border-radius-bottom-right:0px;--awb-border-radius-bottom-left:0px;--awb-background-size:cover;--awb-flex-wrap:wrap;\" data-bg=\"http:\/\/villamullerbeck.eu\/wp-content\/uploads\/2017\/10\/VM_AVALEHT_10.jpg\" ><div class=\"fusion-builder-row fusion-row\"><div class=\"fusion-layout-column fusion_builder_column fusion-builder-column-1 fusion_builder_column_1_2 1_2 fusion-one-half fusion-column-first\" style=\"--awb-padding-top:60px;--awb-padding-right:60px;--awb-padding-bottom:60px;--awb-padding-left:60px;--awb-bg-size:cover;\" id=\"vm-asukoht-pilt\"><div class=\"fusion-column-wrapper fusion-flex-column-wrapper-legacy\"><div class=\"fusion-column-content-centered\"><div class=\"fusion-column-content\"><div style=\"margin: 30px; padding-bottom: 50px;\">\n\n<div class=\"wpcf7 no-js\" id=\"wpcf7-f1608-o2\" lang=\"en-US\" dir=\"ltr\" data-wpcf7-id=\"1608\">\n<div class=\"screen-reader-response\"><p role=\"status\" aria-live=\"polite\" aria-atomic=\"true\"><\/p> <ul><\/ul><\/div>\n<form action=\"\/en\/wp-json\/wp\/v2\/pages\/1522#wpcf7-f1608-o2\" method=\"post\" class=\"wpcf7-form init\" aria-label=\"Contact form\" novalidate=\"novalidate\" data-status=\"init\">\n<div style=\"display: none;\">\n<input type=\"hidden\" name=\"_wpcf7\" value=\"1608\" \/>\n<input type=\"hidden\" name=\"_wpcf7_version\" value=\"6.0\" \/>\n<input type=\"hidden\" name=\"_wpcf7_locale\" value=\"en_US\" \/>\n<input type=\"hidden\" name=\"_wpcf7_unit_tag\" value=\"wpcf7-f1608-o2\" \/>\n<input type=\"hidden\" name=\"_wpcf7_container_post\" value=\"0\" \/>\n<input type=\"hidden\" name=\"_wpcf7_posted_data_hash\" value=\"\" \/>\n<\/div>\n<div class=\"fusion-one-half one_half fusion-layout-column fusion-spacing-yes\">\n\t<p><span class=\"wpcf7-form-control-wrap\" data-name=\"sinu-nimi\"><input size=\"40\" maxlength=\"400\" class=\"wpcf7-form-control wpcf7-text wpcf7-validates-as-required\" aria-required=\"true\" aria-invalid=\"false\" placeholder=\"Your name\" value=\"\" type=\"text\" name=\"sinu-nimi\" \/><\/span>\n\t<\/p>\n\t<p><span class=\"wpcf7-form-control-wrap\" data-name=\"telefon\"><input size=\"40\" maxlength=\"400\" class=\"wpcf7-form-control wpcf7-text\" aria-invalid=\"false\" placeholder=\"Your phone\" value=\"\" type=\"text\" name=\"telefon\" \/><\/span>\n\t<\/p>\n<\/div>\n<div class=\"fusion-one-half one_half fusion-layout-column fusion-column-last fusion-spacing-yes\">\n\t<p><span class=\"wpcf7-form-control-wrap\" data-name=\"sinu-email\"><input size=\"40\" maxlength=\"400\" class=\"wpcf7-form-control wpcf7-email wpcf7-validates-as-required wpcf7-text wpcf7-validates-as-email text_input\" aria-required=\"true\" aria-invalid=\"false\" placeholder=\"E-mail\" value=\"\" type=\"email\" name=\"sinu-email\" \/><\/span>\n\t<\/p>\n\t<p><span class=\"wpcf7-form-control-wrap\" data-name=\"kuupaev\"><input size=\"40\" maxlength=\"400\" class=\"wpcf7-form-control wpcf7-text\" aria-invalid=\"false\" placeholder=\"Date\" value=\"\" type=\"text\" name=\"kuupaev\" \/><\/span>\n\t<\/p>\n<\/div>\n<p><span class=\"wpcf7-form-control-wrap\" data-name=\"lisainfo\"><textarea cols=\"40\" rows=\"10\" maxlength=\"2000\" class=\"wpcf7-form-control wpcf7-textarea wpcf7-validates-as-required\" aria-required=\"true\" aria-invalid=\"false\" placeholder=\"Event details - how many people and other specifications and wishes.\" name=\"lisainfo\"><\/textarea><\/span>\n<\/p>\n<div class=\"fusion-one-half one_half fusion-layout-column fusion-spacing-yes\">\n<\/div>\n<div class=\"fusion-one-half one_half fusion-layout-column fusion-column-last fusion-spacing-yes\">\n\t<p><input class=\"wpcf7-form-control wpcf7-submit has-spinner\" type=\"submit\" value=\"Send inquiry\" \/><br \/>\n<div class=\"cf-turnstile\" data-sitekey=\"0x4AAAAAAARXjBhM23IJJQKP\"><\/div><span class=\"wpcf7-form-control-wrap\" data-name=\"c\"><input size=\"40\" maxlength=\"400\" class=\"wpcf7-form-control wpcf7-text\" aria-invalid=\"false\" value=\"\" type=\"text\" name=\"c\" \/><\/span>\n\t<\/p>\n<\/div><div class=\"fusion-alert alert custom alert-custom fusion-alert-center wpcf7-response-output awb-alert-native-link-color alert-dismissable awb-alert-close-boxed\" style=\"--awb-border-top-left-radius:0px;--awb-border-top-right-radius:0px;--awb-border-bottom-left-radius:0px;--awb-border-bottom-right-radius:0px;\" role=\"alert\"><div class=\"fusion-alert-content-wrapper\"><span class=\"fusion-alert-content\"><\/span><\/div><button type=\"button\" class=\"close toggle-alert\" data-dismiss=\"alert\" aria-label=\"Close\">&times;<\/button><\/div>\n<\/form>\n<\/div>\n\n<\/div><\/div><\/div><div class=\"fusion-clearfix\"><\/div><\/div><\/div><\/div><\/div><div class=\"fusion-fullwidth fullwidth-box fusion-builder-row-3 hundred-percent-fullwidth non-hundred-percent-height-scrolling fusion-equal-height-columns\" style=\"--awb-background-position:left top;--awb-border-radius-top-left:0px;--awb-border-radius-top-right:0px;--awb-border-radius-bottom-right:0px;--awb-border-radius-bottom-left:0px;--awb-padding-top:0px;--awb-padding-right:0px;--awb-padding-bottom:0px;--awb-padding-left:0px;--awb-margin-top:0px;--awb-margin-bottom:0px;--awb-border-sizes-top:0px;--awb-border-sizes-bottom:0px;--awb-flex-wrap:wrap;\" ><div class=\"fusion-builder-row fusion-row\"><div class=\"fusion-layout-column fusion_builder_column fusion-builder-column-2 fusion_builder_column_1_1 1_1 fusion-one-full fusion-column-first fusion-column-last\" style=\"--awb-padding-top:0px;--awb-padding-right:0px;--awb-padding-bottom:0px;--awb-padding-left:0px;--awb-bg-color:#d2dbc7;--awb-bg-color-hover:#d2dbc7;--awb-bg-size:cover;\" id=\"vm-cf7\"><div class=\"fusion-column-wrapper fusion-flex-column-wrapper-legacy\"><div class=\"fusion-column-content-centered\"><div class=\"fusion-column-content\">\t\t\t\t\t<script type=\"text\/javascript\">\n\t\t\t\t\t\tvar map_fusion_map_6a07baceb6bce;\n\t\t\t\t\t\tvar markers = [];\n\t\t\t\t\t\tvar counter = 0;\n\t\t\t\t\t\t\t\t\t\t\t\t\t\t\t\t\t\t\t\tvar fusionMapNonce = '1b24e21a07';\n\t\t\t\t\t\t\t\t\t\t\t\tfunction fusion_run_map_fusion_map_6a07baceb6bce() {\n\t\t\t\t\t\t\tjQuery('#fusion_map_6a07baceb6bce').fusion_maps({\n\t\t\t\t\t\t\t\taddresses: [{\"address\":\"58.061577,26.519956\",\"infobox_content\":\"Rukkim\\u00e4e, Otep\\u00e4\\u00e4 parish, 67412, Estonia +372 633 1100 & info@villamullerbeck.eu\",\"marker\":\"http:\\\/\\\/villamullerbeck.eu\\\/wp-content\\\/uploads\\\/2017\\\/08\\\/VM_LOGO_MAP.png\",\"coordinates\":true,\"latitude\":\"58.061577\",\"longitude\":\"26.519956\",\"cache\":true,\"geocoded_address\":\"58.061577,26.519956\"}],\n\t\t\t\t\t\t\t\tanimations: false,\n\t\t\t\t\t\t\t\tinfobox_background_color: '',\n\t\t\t\t\t\t\t\tinfobox_styling: 'custom',\n\t\t\t\t\t\t\t\tinfobox_text_color: '',\n\t\t\t\t\t\t\t\tmap_style: 'custom',\n\t\t\t\t\t\t\t\tmap_type: 'roadmap',\n\t\t\t\t\t\t\t\tmarker_icon: 'http:\/\/villamullerbeck.eu\/wp-content\/uploads\/2017\/08\/VM_LOGO_MAP.png',\n\t\t\t\t\t\t\t\toverlay_color: '',\n\t\t\t\t\t\t\t\toverlay_color_hsl: {\"hue\":0,\"sat\":0,\"lum\":100},\n\t\t\t\t\t\t\t\tpan_control: true,\n\t\t\t\t\t\t\t\tshow_address: true,\n\t\t\t\t\t\t\t\tscale_control: true,\n\t\t\t\t\t\t\t\tscrollwheel: false,\n\t\t\t\t\t\t\t\tzoom: 9,\n\t\t\t\t\t\t\t\tzoom_control: true,\n\t\t\t\t\t\t\t});\n\t\t\t\t\t\t}\n\n\t\t\t\t\t\tgoogle.maps.event.addDomListener(window, 'load', fusion_run_map_fusion_map_6a07baceb6bce);\n\t\t\t\t\t<\/script>\n\t\t\t\t\t<div class=\"shortcode-map fusion-google-map fusion-maps-js-type\" style=\"--awb-height:400px;\" id=\"fusion_map_6a07baceb6bce\"><\/div><\/div><\/div><div class=\"fusion-clearfix\"><\/div><\/div><\/div><\/div><\/div><div class=\"fusion-fullwidth fullwidth-box fusion-builder-row-4 fusion-parallax-fixed fullwidth-overlay hundred-percent-fullwidth non-hundred-percent-height-scrolling lazyload\" style=\"--awb-border-color:rgba(234,233,233,0);--awb-border-style:dashed;--awb-border-radius-top-left:0px;--awb-border-radius-top-right:0px;--awb-border-radius-bottom-right:0px;--awb-border-radius-bottom-left:0px;--awb-padding-top:170px;--awb-padding-right:15%;--awb-padding-bottom:170px;--awb-padding-left:15%;--awb-background-size:cover;--awb-border-sizes-top:0px;--awb-border-sizes-bottom:0px;--awb-flex-wrap:wrap;background-attachment:fixed;\" data-bg=\"http:\/\/villamullerbeck.eu\/wp-content\/uploads\/2017\/08\/villa_testimonials_back.jpg\" id=\"vm-testimonial\" ><div class=\"fusion-builder-row fusion-row\"><div class=\"fusion-layout-column fusion_builder_column fusion-builder-column-3 fusion_builder_column_1_1 1_1 fusion-one-full fusion-column-first fusion-column-last fusion-column-no-min-height\" style=\"--awb-bg-size:cover;\"><div class=\"fusion-column-wrapper fusion-flex-column-wrapper-legacy\"><div class=\"fusion-testimonials clean awb-speech-bubble-show fusion-testimonials-1 vm-testimonial\" style=\"--awb-textcolor:#000000;--awb-backgroundcolor:rgba(255,255,255,0.82);--awb-testimonial-border-style:solid;--awb-testimonial-border-color:var(--awb-color3);--awb-border-top-left-radius:0px;--awb-border-top-right-radius:0px;--awb-border-bottom-left-radius:0px;--awb-border-bottom-right-radius:0px;--testimonial-border-width-top:0px;--testimonial-border-width-right:0px;--testimonial-border-width-bottom:0px;--testimonial-border-width-left:0px;\" data-random=\"0\" data-speed=\"9000\"><div class=\"reviews\"><div class=\"review active-testimonial avatar-above no-avatar\"><blockquote class=\"testimonials-shortcode-blockquote\"><div class=\"awb-quote\"><div class=\"awb-quote-content\">\n<p>Oleme juba kahel viimasel aastal ettev\u00f5tte talvep\u00e4evi villa M\u00fcllerbeckis pidanud ja tuleme ilmselt veelgi. Meie jaoks on oluline kaunis loodus ja samas ka linna l\u00e4hedus, mis m\u00f5lemad iseloomustavad M\u00fcllerbecki asukohta. Toredad t\u00f6\u00f6tajad on alati leidnud meie jaoks parimaid lahendusi nii majutuse, toitlustuse kui ka tegevuste korraldamisel. Siiani pole \u00fckski meie soov lahenduseta j\u00e4\u00e4nud. Suur ait\u00e4h Teile!<\/p>\n<\/div><\/div><\/blockquote><div class=\"author\"><span class=\"company-name\"><strong>AS Maru Metall<\/strong><\/span><\/div><\/div><div class=\"review avatar-above no-avatar\"><blockquote class=\"testimonials-shortcode-blockquote\"><div class=\"awb-quote\"><div class=\"awb-quote-content\">\n<p>Sooviks Teid t\u00e4nada v\u00e4ga toreda pulmapeo eest. Asukoht on imeilus! K\u00fclalised kiitsid v\u00e4ga meie valikut. Suur-suur ait\u00e4h Teile \u00fclihea teeninduse eest \u2013 teenindus oli v\u00e4ga kiire, t\u00e4helepanelik, tore ja m\u00e4rkamatu \u2013 lauad olid koguaeg ideaalselt korras ja t\u00e4idetud. \u00a0Toit oli v\u00e4ga maitsev ja serveering oli lihtsalt minuti t\u00e4pne, mis vajab eraldi mainimist. Eraldi tahaks t\u00e4nada Mailist kohakaartide eest, mis tulid v\u00e4lja v\u00e4ga ilusad. K\u00f5ik oli v\u00e4ga h\u00e4sti korraldatud!\u00a0 Ait\u00e4h et meie pere loomine toimus Teie juures ja Teie abiga.<\/p>\n<\/div><\/div><\/blockquote><div class=\"author\"><span class=\"company-name\"><strong>Lugupidamisega, perekond German<\/strong><\/span><\/div><\/div><div class=\"review avatar-above no-avatar\"><blockquote class=\"testimonials-shortcode-blockquote\"><div class=\"awb-quote\"><div class=\"awb-quote-content\">\n<p>V\u00e4ga ilus, hubane ja meeldiv villa. Toidud olid maitsvad ja personal suurep\u00e4rane.<\/p>\n<p>T\u00e4nud!<\/p>\n<\/div><\/div><\/blockquote><div class=\"author\"><span class=\"company-name\"><strong>Seltskond Tartu \u00dclikoolist<\/strong><\/span><\/div><\/div><div class=\"review avatar-above no-avatar\"><blockquote class=\"testimonials-shortcode-blockquote\"><div class=\"awb-quote\"><div class=\"awb-quote-content\">\n<p>Mul on alati miljon p\u00f5hjust olla \u00f5nnelik! Siin olles ei pidanud ma \u00e4ra kasutama enda omadest \u00fchtegi! Teie andsite mulle 1 000 001-se.<\/p>\n<\/div><\/div><\/blockquote><div class=\"author\"><span class=\"company-name\"><strong>Rene<\/strong><\/span><\/div><\/div><div class=\"review avatar-above no-avatar\"><blockquote class=\"testimonials-shortcode-blockquote\"><div class=\"awb-quote\"><div class=\"awb-quote-content\">\n<p><strong>Konguta kool Tartumaalt<\/strong> t\u00e4nab ja kiidab Teid! Tegite meie maailma ja \u00f5htu kaunimaks! J\u00e4tkugu Teil \u00f5nn ja edu edaspidigi!<\/p>\n<\/div><\/div><\/blockquote><div class=\"author\"><span class=\"company-name\"><strong>Konguta kooli \u00f5petajad<\/strong><\/span><\/div><\/div><div class=\"review avatar-above no-avatar\"><blockquote class=\"testimonials-shortcode-blockquote\"><div class=\"awb-quote\"><div class=\"awb-quote-content\">\n<p>Thanks for everything! Beautiful house, great hospitality, amaizing food. We hope to be back soon. Thank You Villa M\u00fcllerbeck.<\/p>\n<\/div><\/div><\/blockquote><div class=\"author\"><span class=\"company-name\"><strong>Team Canada<\/strong><\/span><\/div><\/div><div class=\"review avatar-above no-avatar\"><blockquote class=\"testimonials-shortcode-blockquote\"><div class=\"awb-quote\"><div class=\"awb-quote-content\">\n<p>T\u00e4name Teid, et muutsite meie h\u00f5bepulmapeo v\u00e4ga meeldivaks s\u00fcndmuseks.<\/p>\n<\/div><\/div><\/blockquote><div class=\"author\"><span class=\"company-name\"><strong>Maritta ja Toomas <\/strong><\/span><\/div><\/div><div class=\"review avatar-above no-avatar\"><blockquote class=\"testimonials-shortcode-blockquote\"><div class=\"awb-quote\"><div class=\"awb-quote-content\">\n<p>Otep\u00e4\u00e4 Lions Club tervitas siin uut aastat! Vastuv\u00f5tt oli kena ja toidud olid maitsvad. K\u00fclastame Teid j\u00e4lle J.<\/p>\n<\/div><\/div><\/blockquote><div class=\"author\"><span class=\"company-name\"><strong>President Jaanus Barkala<\/strong><\/span><\/div><\/div><\/div><div class=\"testimonial-pagination\" id=\"fusion-testimonials-1\"><a href=\"#\" aria-label=\"Testimonial Pagination\"  class=\"activeSlide\"><\/a><a href=\"#\" aria-label=\"Testimonial Pagination\" ><\/a><a href=\"#\" aria-label=\"Testimonial Pagination\" ><\/a><a href=\"#\" aria-label=\"Testimonial Pagination\" ><\/a><a href=\"#\" aria-label=\"Testimonial Pagination\" ><\/a><a href=\"#\" aria-label=\"Testimonial Pagination\" ><\/a><a href=\"#\" aria-label=\"Testimonial Pagination\" ><\/a><a href=\"#\" aria-label=\"Testimonial Pagination\" ><\/a><\/div><\/div><div class=\"fusion-clearfix\"><\/div><\/div><\/div><\/div><\/div><\/p>\n","protected":false},"excerpt":{"rendered":"","protected":false},"author":1,"featured_media":0,"parent":0,"menu_order":0,"comment_status":"closed","ping_status":"closed","template":"100-width.php","meta":{"footnotes":""},"class_list":["post-1522","page","type-page","status-publish","hentry"],"yoast_head":"<!-- This site is optimized with the Yoast SEO plugin v23.8 - https:\/\/yoast.com\/wordpress\/plugins\/seo\/ -->\n<title>Contact | Villa M\u00fcllerbeck<\/title>\n<meta name=\"description\" content=\"Near Otep\u00e4\u00e4, in the middle of lakes, you can find a cozy and private Villa M\u00fcllerbeck\" \/>\n<meta name=\"robots\" content=\"index, follow, max-snippet:-1, max-image-preview:large, max-video-preview:-1\" \/>\n<link rel=\"canonical\" href=\"https:\/\/www.villamullerbeck.eu\/en\/kontakt\/\" \/>\n<meta property=\"og:locale\" content=\"en_US\" \/>\n<meta property=\"og:type\" content=\"article\" \/>\n<meta property=\"og:title\" content=\"Contact | Villa M\u00fcllerbeck\" \/>\n<meta property=\"og:description\" content=\"Near Otep\u00e4\u00e4, in the middle of lakes, you can find a cozy and private Villa M\u00fcllerbeck\" \/>\n<meta property=\"og:url\" content=\"https:\/\/www.villamullerbeck.eu\/en\/kontakt\/\" \/>\n<meta property=\"og:site_name\" content=\"Villa M\u00fcllerbeck\" \/>\n<meta property=\"article:publisher\" content=\"https:\/\/www.facebook.com\/villamullerbeck\/\" \/>\n<meta property=\"article:modified_time\" content=\"2017-11-13T13:42:56+00:00\" \/>\n<meta property=\"og:image\" content=\"http:\/\/villamullerbeck.eu\/wp-content\/uploads\/2017\/08\/VM_MAJA_14.jpg\" \/>\n<meta name=\"twitter:card\" content=\"summary_large_image\" \/>\n<meta name=\"twitter:label1\" content=\"Est. reading time\" \/>\n\t<meta name=\"twitter:data1\" content=\"6 minutes\" \/>\n<script type=\"application\/ld+json\" class=\"yoast-schema-graph\">{\"@context\":\"https:\/\/schema.org\",\"@graph\":[{\"@type\":\"WebPage\",\"@id\":\"https:\/\/www.villamullerbeck.eu\/en\/kontakt\/\",\"url\":\"https:\/\/www.villamullerbeck.eu\/en\/kontakt\/\",\"name\":\"Contact | Villa M\u00fcllerbeck\",\"isPartOf\":{\"@id\":\"https:\/\/villamullerbeck.eu\/#website\"},\"datePublished\":\"2017-08-23T20:29:37+00:00\",\"dateModified\":\"2017-11-13T13:42:56+00:00\",\"description\":\"Near Otep\u00e4\u00e4, in the middle of lakes, you can find a cozy and private Villa M\u00fcllerbeck\",\"breadcrumb\":{\"@id\":\"https:\/\/www.villamullerbeck.eu\/en\/kontakt\/#breadcrumb\"},\"inLanguage\":\"en-US\",\"potentialAction\":[{\"@type\":\"ReadAction\",\"target\":[\"https:\/\/www.villamullerbeck.eu\/en\/kontakt\/\"]}]},{\"@type\":\"BreadcrumbList\",\"@id\":\"https:\/\/www.villamullerbeck.eu\/en\/kontakt\/#breadcrumb\",\"itemListElement\":[{\"@type\":\"ListItem\",\"position\":1,\"name\":\"Home\",\"item\":\"https:\/\/www.villamullerbeck.eu\/en\/\"},{\"@type\":\"ListItem\",\"position\":2,\"name\":\"Contact\"}]},{\"@type\":\"WebSite\",\"@id\":\"https:\/\/villamullerbeck.eu\/#website\",\"url\":\"https:\/\/villamullerbeck.eu\/\",\"name\":\"Villa M\u00fcllerbeck\",\"description\":\"Erilisteks s\u00fcndmusteks\",\"potentialAction\":[{\"@type\":\"SearchAction\",\"target\":{\"@type\":\"EntryPoint\",\"urlTemplate\":\"https:\/\/villamullerbeck.eu\/?s={search_term_string}\"},\"query-input\":{\"@type\":\"PropertyValueSpecification\",\"valueRequired\":true,\"valueName\":\"search_term_string\"}}],\"inLanguage\":\"en-US\"}]}<\/script>\n<!-- \/ Yoast SEO plugin. -->","yoast_head_json":{"title":"Contact | Villa M\u00fcllerbeck","description":"Near Otep\u00e4\u00e4, in the middle of lakes, you can find a cozy and private Villa M\u00fcllerbeck","robots":{"index":"index","follow":"follow","max-snippet":"max-snippet:-1","max-image-preview":"max-image-preview:large","max-video-preview":"max-video-preview:-1"},"canonical":"https:\/\/www.villamullerbeck.eu\/en\/kontakt\/","og_locale":"en_US","og_type":"article","og_title":"Contact | Villa M\u00fcllerbeck","og_description":"Near Otep\u00e4\u00e4, in the middle of lakes, you can find a cozy and private Villa M\u00fcllerbeck","og_url":"https:\/\/www.villamullerbeck.eu\/en\/kontakt\/","og_site_name":"Villa M\u00fcllerbeck","article_publisher":"https:\/\/www.facebook.com\/villamullerbeck\/","article_modified_time":"2017-11-13T13:42:56+00:00","og_image":[{"url":"http:\/\/villamullerbeck.eu\/wp-content\/uploads\/2017\/08\/VM_MAJA_14.jpg"}],"twitter_card":"summary_large_image","twitter_misc":{"Est. reading time":"6 minutes"},"schema":{"@context":"https:\/\/schema.org","@graph":[{"@type":"WebPage","@id":"https:\/\/www.villamullerbeck.eu\/en\/kontakt\/","url":"https:\/\/www.villamullerbeck.eu\/en\/kontakt\/","name":"Contact | Villa M\u00fcllerbeck","isPartOf":{"@id":"https:\/\/villamullerbeck.eu\/#website"},"datePublished":"2017-08-23T20:29:37+00:00","dateModified":"2017-11-13T13:42:56+00:00","description":"Near Otep\u00e4\u00e4, in the middle of lakes, you can find a cozy and private Villa M\u00fcllerbeck","breadcrumb":{"@id":"https:\/\/www.villamullerbeck.eu\/en\/kontakt\/#breadcrumb"},"inLanguage":"en-US","potentialAction":[{"@type":"ReadAction","target":["https:\/\/www.villamullerbeck.eu\/en\/kontakt\/"]}]},{"@type":"BreadcrumbList","@id":"https:\/\/www.villamullerbeck.eu\/en\/kontakt\/#breadcrumb","itemListElement":[{"@type":"ListItem","position":1,"name":"Home","item":"https:\/\/www.villamullerbeck.eu\/en\/"},{"@type":"ListItem","position":2,"name":"Contact"}]},{"@type":"WebSite","@id":"https:\/\/villamullerbeck.eu\/#website","url":"https:\/\/villamullerbeck.eu\/","name":"Villa M\u00fcllerbeck","description":"Erilisteks s\u00fcndmusteks","potentialAction":[{"@type":"SearchAction","target":{"@type":"EntryPoint","urlTemplate":"https:\/\/villamullerbeck.eu\/?s={search_term_string}"},"query-input":{"@type":"PropertyValueSpecification","valueRequired":true,"valueName":"search_term_string"}}],"inLanguage":"en-US"}]}},"_links":{"self":[{"href":"https:\/\/villamullerbeck.eu\/en\/wp-json\/wp\/v2\/pages\/1522"}],"collection":[{"href":"https:\/\/villamullerbeck.eu\/en\/wp-json\/wp\/v2\/pages"}],"about":[{"href":"https:\/\/villamullerbeck.eu\/en\/wp-json\/wp\/v2\/types\/page"}],"author":[{"embeddable":true,"href":"https:\/\/villamullerbeck.eu\/en\/wp-json\/wp\/v2\/users\/1"}],"replies":[{"embeddable":true,"href":"https:\/\/villamullerbeck.eu\/en\/wp-json\/wp\/v2\/comments?post=1522"}],"version-history":[{"count":0,"href":"https:\/\/villamullerbeck.eu\/en\/wp-json\/wp\/v2\/pages\/1522\/revisions"}],"wp:attachment":[{"href":"https:\/\/villamullerbeck.eu\/en\/wp-json\/wp\/v2\/media?parent=1522"}],"curies":[{"name":"wp","href":"https:\/\/api.w.org\/{rel}","templated":true}]}}